{"id":189,"date":"2025-09-03T19:48:10","date_gmt":"2025-09-03T19:48:10","guid":{"rendered":"https:\/\/arthurvillain.com\/?page_id=189"},"modified":"2026-01-30T08:15:59","modified_gmt":"2026-01-30T08:15:59","slug":"les-mirettes-sablaises","status":"publish","type":"page","link":"https:\/\/arthurvillain.com\/?page_id=189","title":{"rendered":"Les Mirettes Sablaises"},"content":{"rendered":"\t\t<div data-elementor-type=\"wp-page\" data-elementor-id=\"189\" class=\"elementor elementor-189\">\n\t\t\t\t<div class=\"elementor-element elementor-element-b9abb12 e-flex e-con-boxed e-con e-parent\" data-id=\"b9abb12\" data-element_type=\"container\" data-settings=\"{&quot;background_background&quot;:&quot;classic&quot;}\">\n\t\t\t\t\t<div class=\"e-con-inner\">\n\t\t\t\t<div class=\"elementor-element elementor-element-cf7bfff elementor-widget elementor-widget-spacer\" data-id=\"cf7bfff\" data-element_type=\"widget\" data-widget_type=\"spacer.default\">\n\t\t\t\t\t\t\t<div class=\"elementor-spacer\">\n\t\t\t<div class=\"elementor-spacer-inner\"><\/div>\n\t\t<\/div>\n\t\t\t\t\t\t<\/div>\n\t\t\t\t<div class=\"elementor-element elementor-element-1f6e528 elementor-widget elementor-widget-heading\" data-id=\"1f6e528\" data-element_type=\"widget\" data-widget_type=\"heading.default\">\n\t\t\t\t\t<h1 class=\"elementor-heading-title elementor-size-default\">LES MIRETTES SABLAISES\n<\/h1>\t\t\t\t<\/div>\n\t\t\t\t<div class=\"elementor-element elementor-element-08742ae elementor-widget elementor-widget-text-editor\" data-id=\"08742ae\" data-element_type=\"widget\" data-widget_type=\"text-editor.default\">\n\t\t\t\t\t\t\t\t\t<p data-start=\"84\" data-end=\"300\"><strong data-start=\"84\" data-end=\"110\">Les Mirettes Sablaises<\/strong> est un projet sur la d\u00e9couverte du patrimoine local. L\u2019objectif \u00e9tait de cr\u00e9er une identit\u00e9 visuelle claire et engageante, qui montre la curiosit\u00e9 et le plaisir d\u2019observer et de partager.<\/p>\t\t\t\t\t\t\t\t<\/div>\n\t\t\t\t<div class=\"elementor-element elementor-element-fb00ab4 elementor-widget elementor-widget-image\" data-id=\"fb00ab4\" data-element_type=\"widget\" data-widget_type=\"image.default\">\n\t\t\t\t\t\t\t\t\t\t\t\t\t\t\t<img decoding=\"async\" width=\"300\" height=\"147\" src=\"https:\/\/arthurvillain.com\/wp-content\/uploads\/2025\/09\/3-logo-300x147.png\" class=\"attachment-medium size-medium wp-image-583\" alt=\"\" srcset=\"https:\/\/arthurvillain.com\/wp-content\/uploads\/2025\/09\/3-logo-300x147.png 300w, https:\/\/arthurvillain.com\/wp-content\/uploads\/2025\/09\/3-logo.png 539w\" sizes=\"(max-width: 300px) 100vw, 300px\" \/>\t\t\t\t\t\t\t\t\t\t\t\t\t\t\t<\/div>\n\t\t\t\t<div class=\"elementor-element elementor-element-05d506b elementor-widget elementor-widget-text-editor\" data-id=\"05d506b\" data-element_type=\"widget\" data-widget_type=\"text-editor.default\">\n\t\t\t\t\t\t\t\t\t<p style=\"text-align: center;\">Projet professionel\u00a0<\/p><p style=\"text-align: center;\">2025<\/p>\t\t\t\t\t\t\t\t<\/div>\n\t\t\t\t\t<\/div>\n\t\t\t\t<\/div>\n\t\t<div class=\"elementor-element elementor-element-3b8cbde e-flex e-con-boxed e-con e-parent\" data-id=\"3b8cbde\" data-element_type=\"container\">\n\t\t\t\t\t<div class=\"e-con-inner\">\n\t\t\t\t<div class=\"elementor-element elementor-element-6961d37 elementor-widget elementor-widget-spacer\" data-id=\"6961d37\" data-element_type=\"widget\" data-widget_type=\"spacer.default\">\n\t\t\t\t\t\t\t<div class=\"elementor-spacer\">\n\t\t\t<div class=\"elementor-spacer-inner\"><\/div>\n\t\t<\/div>\n\t\t\t\t\t\t<\/div>\n\t\t\t\t\t<\/div>\n\t\t\t\t<\/div>\n\t\t<div class=\"elementor-element elementor-element-3e5d582 e-flex e-con-boxed e-con e-parent\" data-id=\"3e5d582\" data-element_type=\"container\">\n\t\t\t\t\t<div class=\"e-con-inner\">\n\t\t<div class=\"elementor-element elementor-element-6259403 e-con-full e-flex e-con e-child\" data-id=\"6259403\" data-element_type=\"container\">\n\t\t\t\t<div class=\"elementor-element elementor-element-773c37f elementor-invisible elementor-widget elementor-widget-image\" data-id=\"773c37f\" data-element_type=\"widget\" data-settings=\"{&quot;_animation&quot;:&quot;fadeInUp&quot;}\" data-widget_type=\"image.default\">\n\t\t\t\t\t\t\t\t\t\t\t\t\t\t\t<img fetchpriority=\"high\" decoding=\"async\" width=\"768\" height=\"676\" src=\"https:\/\/arthurvillain.com\/wp-content\/uploads\/2025\/09\/MIRETES-SAblaises-768x676.jpg\" class=\"attachment-medium_large size-medium_large wp-image-478\" alt=\"\" srcset=\"https:\/\/arthurvillain.com\/wp-content\/uploads\/2025\/09\/MIRETES-SAblaises-768x676.jpg 768w, https:\/\/arthurvillain.com\/wp-content\/uploads\/2025\/09\/MIRETES-SAblaises-300x264.jpg 300w, https:\/\/arthurvillain.com\/wp-content\/uploads\/2025\/09\/MIRETES-SAblaises-1024x901.jpg 1024w, https:\/\/arthurvillain.com\/wp-content\/uploads\/2025\/09\/MIRETES-SAblaises-1536x1352.jpg 1536w, https:\/\/arthurvillain.com\/wp-content\/uploads\/2025\/09\/MIRETES-SAblaises.jpg 1897w\" sizes=\"(max-width: 768px) 100vw, 768px\" \/>\t\t\t\t\t\t\t\t\t\t\t\t\t\t\t<\/div>\n\t\t\t\t<\/div>\n\t\t<div class=\"elementor-element elementor-element-5ced8a0 e-con-full e-flex e-con e-child\" data-id=\"5ced8a0\" data-element_type=\"container\">\n\t\t\t\t<div class=\"elementor-element elementor-element-3576083 elementor-invisible elementor-widget elementor-widget-image\" data-id=\"3576083\" data-element_type=\"widget\" data-settings=\"{&quot;_animation&quot;:&quot;fadeInUp&quot;}\" data-widget_type=\"image.default\">\n\t\t\t\t\t\t\t\t\t\t\t\t\t\t\t<img decoding=\"async\" width=\"768\" height=\"676\" src=\"https:\/\/arthurvillain.com\/wp-content\/uploads\/2025\/09\/MIRETES-SAblaises-noir-768x676.jpg\" class=\"attachment-medium_large size-medium_large wp-image-479\" alt=\"\" srcset=\"https:\/\/arthurvillain.com\/wp-content\/uploads\/2025\/09\/MIRETES-SAblaises-noir-768x676.jpg 768w, https:\/\/arthurvillain.com\/wp-content\/uploads\/2025\/09\/MIRETES-SAblaises-noir-300x264.jpg 300w, https:\/\/arthurvillain.com\/wp-content\/uploads\/2025\/09\/MIRETES-SAblaises-noir-1024x901.jpg 1024w, https:\/\/arthurvillain.com\/wp-content\/uploads\/2025\/09\/MIRETES-SAblaises-noir-1536x1352.jpg 1536w, https:\/\/arthurvillain.com\/wp-content\/uploads\/2025\/09\/MIRETES-SAblaises-noir.jpg 1897w\" sizes=\"(max-width: 768px) 100vw, 768px\" \/>\t\t\t\t\t\t\t\t\t\t\t\t\t\t\t<\/div>\n\t\t\t\t<\/div>\n\t\t\t\t\t<\/div>\n\t\t\t\t<\/div>\n\t\t<div class=\"elementor-element elementor-element-0e6e3d8 e-flex e-con-boxed e-con e-parent\" data-id=\"0e6e3d8\" data-element_type=\"container\">\n\t\t\t\t\t<div class=\"e-con-inner\">\n\t\t\t\t<div class=\"elementor-element elementor-element-4f8fe1e elementor-widget elementor-widget-spacer\" data-id=\"4f8fe1e\" data-element_type=\"widget\" data-widget_type=\"spacer.default\">\n\t\t\t\t\t\t\t<div class=\"elementor-spacer\">\n\t\t\t<div class=\"elementor-spacer-inner\"><\/div>\n\t\t<\/div>\n\t\t\t\t\t\t<\/div>\n\t\t\t\t<div class=\"elementor-element elementor-element-f7b04f4 elementor-invisible elementor-widget elementor-widget-heading\" data-id=\"f7b04f4\" data-element_type=\"widget\" data-settings=\"{&quot;_animation&quot;:&quot;fadeInUp&quot;}\" data-widget_type=\"heading.default\">\n\t\t\t\t\t<h2 class=\"elementor-heading-title elementor-size-default\">LE CONTEXTE<\/h2>\t\t\t\t<\/div>\n\t\t\t\t<div class=\"elementor-element elementor-element-e9b517c elementor-invisible elementor-widget elementor-widget-text-editor\" data-id=\"e9b517c\" data-element_type=\"widget\" data-settings=\"{&quot;_animation&quot;:&quot;fadeInUp&quot;}\" data-widget_type=\"text-editor.default\">\n\t\t\t\t\t\t\t\t\t<p>Dans le cadre d\u2019un projet client, j\u2019ai con\u00e7u un logo pour <strong data-start=\"196\" data-end=\"222\">Les Mirettes Sablaises<\/strong>, une entreprise locale. Ce logo refl\u00e8te leur identit\u00e9 et leur univers, et a \u00e9t\u00e9 valid\u00e9 par le client pour repr\u00e9senter leur marque.<\/p>\t\t\t\t\t\t\t\t<\/div>\n\t\t\t\t\t<\/div>\n\t\t\t\t<\/div>\n\t\t<div class=\"elementor-element elementor-element-cc7f506 e-flex e-con-boxed e-con e-parent\" data-id=\"cc7f506\" data-element_type=\"container\">\n\t\t\t\t\t<div class=\"e-con-inner\">\n\t\t<div class=\"elementor-element elementor-element-0663a55 e-con-full e-flex e-con e-child\" data-id=\"0663a55\" data-element_type=\"container\">\n\t\t\t\t<div class=\"elementor-element elementor-element-107489c elementor-invisible elementor-widget elementor-widget-image\" data-id=\"107489c\" data-element_type=\"widget\" data-settings=\"{&quot;_animation&quot;:&quot;fadeInUp&quot;}\" data-widget_type=\"image.default\">\n\t\t\t\t\t\t\t\t\t\t\t\t\t\t\t<img loading=\"lazy\" decoding=\"async\" width=\"1024\" height=\"754\" src=\"https:\/\/arthurvillain.com\/wp-content\/uploads\/2025\/09\/MOODBOARD-INSPI.jpg\" class=\"attachment-large size-large wp-image-483\" alt=\"\" srcset=\"https:\/\/arthurvillain.com\/wp-content\/uploads\/2025\/09\/MOODBOARD-INSPI.jpg 1024w, https:\/\/arthurvillain.com\/wp-content\/uploads\/2025\/09\/MOODBOARD-INSPI-300x221.jpg 300w, https:\/\/arthurvillain.com\/wp-content\/uploads\/2025\/09\/MOODBOARD-INSPI-768x566.jpg 768w\" sizes=\"(max-width: 1024px) 100vw, 1024px\" \/>\t\t\t\t\t\t\t\t\t\t\t\t\t\t\t<\/div>\n\t\t\t\t<\/div>\n\t\t<div class=\"elementor-element elementor-element-f48c3e7 e-con-full e-flex e-con e-child\" data-id=\"f48c3e7\" data-element_type=\"container\">\n\t\t\t\t<div class=\"elementor-element elementor-element-d84ded3 elementor-invisible elementor-widget elementor-widget-image\" data-id=\"d84ded3\" data-element_type=\"widget\" data-settings=\"{&quot;_animation&quot;:&quot;fadeInUp&quot;}\" data-widget_type=\"image.default\">\n\t\t\t\t\t\t\t\t\t\t\t\t\t\t\t<img loading=\"lazy\" decoding=\"async\" width=\"1024\" height=\"754\" src=\"https:\/\/arthurvillain.com\/wp-content\/uploads\/2025\/09\/mockup-mirettes.jpg\" class=\"attachment-large size-large wp-image-484\" alt=\"\" srcset=\"https:\/\/arthurvillain.com\/wp-content\/uploads\/2025\/09\/mockup-mirettes.jpg 1024w, https:\/\/arthurvillain.com\/wp-content\/uploads\/2025\/09\/mockup-mirettes-300x221.jpg 300w, https:\/\/arthurvillain.com\/wp-content\/uploads\/2025\/09\/mockup-mirettes-768x566.jpg 768w\" sizes=\"(max-width: 1024px) 100vw, 1024px\" \/>\t\t\t\t\t\t\t\t\t\t\t\t\t\t\t<\/div>\n\t\t\t\t<\/div>\n\t\t\t\t\t<\/div>\n\t\t\t\t<\/div>\n\t\t<div class=\"elementor-element elementor-element-ff47dd7 e-flex e-con-boxed e-con e-parent\" data-id=\"ff47dd7\" data-element_type=\"container\">\n\t\t\t\t\t<div class=\"e-con-inner\">\n\t\t\t\t<div class=\"elementor-element elementor-element-e840b13 elementor-widget elementor-widget-spacer\" data-id=\"e840b13\" data-element_type=\"widget\" data-widget_type=\"spacer.default\">\n\t\t\t\t\t\t\t<div class=\"elementor-spacer\">\n\t\t\t<div class=\"elementor-spacer-inner\"><\/div>\n\t\t<\/div>\n\t\t\t\t\t\t<\/div>\n\t\t\t\t<div class=\"elementor-element elementor-element-fc51e43 elementor-invisible elementor-widget elementor-widget-heading\" data-id=\"fc51e43\" data-element_type=\"widget\" data-settings=\"{&quot;_animation&quot;:&quot;fadeInUp&quot;}\" data-widget_type=\"heading.default\">\n\t\t\t\t\t<h2 class=\"elementor-heading-title elementor-size-default\">LA R\u00c9ALISATION<\/h2>\t\t\t\t<\/div>\n\t\t\t\t<div class=\"elementor-element elementor-element-cabadeb elementor-invisible elementor-widget elementor-widget-text-editor\" data-id=\"cabadeb\" data-element_type=\"widget\" data-settings=\"{&quot;_animation&quot;:&quot;fadeInUp&quot;}\" data-widget_type=\"text-editor.default\">\n\t\t\t\t\t\t\t\t\t<p>J\u2019ai travaill\u00e9 sur la cr\u00e9ation d\u2019un logo moderne et reconnaissable pour <strong data-start=\"268\" data-end=\"294\">Les Mirettes Sablaises<\/strong>.<br data-start=\"295\" data-end=\"298\" \/>L\u2019objectif \u00e9tait de repr\u00e9senter leur univers de mani\u00e8re graphique et impactante. J\u2019ai d\u00e9clin\u00e9 ce logo sur plusieurs supports de communication et un moodboard pour renforcer leur identit\u00e9 visuelle<\/p>\t\t\t\t\t\t\t\t<\/div>\n\t\t\t\t<div class=\"elementor-element elementor-element-e5121f0 elementor-widget elementor-widget-spacer\" data-id=\"e5121f0\" data-element_type=\"widget\" data-widget_type=\"spacer.default\">\n\t\t\t\t\t\t\t<div class=\"elementor-spacer\">\n\t\t\t<div class=\"elementor-spacer-inner\"><\/div>\n\t\t<\/div>\n\t\t\t\t\t\t<\/div>\n\t\t\t\t\t<\/div>\n\t\t\t\t<\/div>\n\t\t<div class=\"elementor-element elementor-element-02d3674 e-flex e-con-boxed e-con e-parent\" data-id=\"02d3674\" data-element_type=\"container\">\n\t\t\t\t\t<div class=\"e-con-inner\">\n\t\t\t\t<div class=\"elementor-element elementor-element-4648044 elementor-invisible elementor-widget elementor-widget-heading\" data-id=\"4648044\" data-element_type=\"widget\" data-settings=\"{&quot;_animation&quot;:&quot;fadeInUp&quot;}\" data-widget_type=\"heading.default\">\n\t\t\t\t\t<h2 class=\"elementor-heading-title elementor-size-default\">AUTRES PROJETS : <\/h2>\t\t\t\t<\/div>\n\t\t\t\t\t<\/div>\n\t\t\t\t<\/div>\n\t\t<div class=\"elementor-element elementor-element-afb9151 e-flex e-con-boxed e-con e-parent\" data-id=\"afb9151\" data-element_type=\"container\">\n\t\t\t\t\t<div class=\"e-con-inner\">\n\t\t<div class=\"elementor-element elementor-element-7ac9db2 e-grid e-con-full e-con e-child\" data-id=\"7ac9db2\" data-element_type=\"container\">\n\t\t\t\t<div class=\"elementor-element elementor-element-141e245 elementor-invisible elementor-widget elementor-widget-image\" data-id=\"141e245\" data-element_type=\"widget\" data-settings=\"{&quot;_animation&quot;:&quot;fadeInUp&quot;}\" data-widget_type=\"image.default\">\n\t\t\t\t\t\t\t\t\t\t\t\t\t\t\t\t<a href=\"https:\/\/arthurvillain.com\/?page_id=191\">\n\t\t\t\t\t\t\t<img loading=\"lazy\" decoding=\"async\" width=\"1024\" height=\"1024\" src=\"https:\/\/arthurvillain.com\/wp-content\/uploads\/2026\/01\/logo-les-mirettes-1.jpg\" class=\"elementor-animation-grow attachment-large size-large wp-image-1092\" alt=\"\" srcset=\"https:\/\/arthurvillain.com\/wp-content\/uploads\/2026\/01\/logo-les-mirettes-1.jpg 1024w, https:\/\/arthurvillain.com\/wp-content\/uploads\/2026\/01\/logo-les-mirettes-1-300x300.jpg 300w, https:\/\/arthurvillain.com\/wp-content\/uploads\/2026\/01\/logo-les-mirettes-1-150x150.jpg 150w, https:\/\/arthurvillain.com\/wp-content\/uploads\/2026\/01\/logo-les-mirettes-1-768x768.jpg 768w\" sizes=\"(max-width: 1024px) 100vw, 1024px\" \/>\t\t\t\t\t\t\t\t<\/a>\n\t\t\t\t\t\t\t\t\t\t\t\t\t\t\t<\/div>\n\t\t\t\t<div class=\"elementor-element elementor-element-e947510 elementor-invisible elementor-widget elementor-widget-image\" data-id=\"e947510\" data-element_type=\"widget\" data-settings=\"{&quot;_animation&quot;:&quot;fadeInUp&quot;}\" data-widget_type=\"image.default\">\n\t\t\t\t\t\t\t\t\t\t\t\t\t\t\t\t<a href=\"https:\/\/arthurvillain.com\/?page_id=171\">\n\t\t\t\t\t\t\t<img loading=\"lazy\" decoding=\"async\" width=\"1024\" height=\"1024\" src=\"https:\/\/arthurvillain.com\/wp-content\/uploads\/2026\/01\/ferme.jpg\" class=\"elementor-animation-grow attachment-large size-large wp-image-1209\" alt=\"\" srcset=\"https:\/\/arthurvillain.com\/wp-content\/uploads\/2026\/01\/ferme.jpg 1024w, https:\/\/arthurvillain.com\/wp-content\/uploads\/2026\/01\/ferme-300x300.jpg 300w, https:\/\/arthurvillain.com\/wp-content\/uploads\/2026\/01\/ferme-150x150.jpg 150w, https:\/\/arthurvillain.com\/wp-content\/uploads\/2026\/01\/ferme-768x768.jpg 768w\" sizes=\"(max-width: 1024px) 100vw, 1024px\" \/>\t\t\t\t\t\t\t\t<\/a>\n\t\t\t\t\t\t\t\t\t\t\t\t\t\t\t<\/div>\n\t\t\t\t<div class=\"elementor-element elementor-element-a0e65eb elementor-invisible elementor-widget elementor-widget-image\" data-id=\"a0e65eb\" data-element_type=\"widget\" data-settings=\"{&quot;_animation&quot;:&quot;fadeInUp&quot;}\" data-widget_type=\"image.default\">\n\t\t\t\t\t\t\t\t\t\t\t\t\t\t\t\t<a href=\"https:\/\/arthurvillain.com\/?page_id=681\">\n\t\t\t\t\t\t\t<img loading=\"lazy\" decoding=\"async\" width=\"1024\" height=\"1024\" src=\"https:\/\/arthurvillain.com\/wp-content\/uploads\/2025\/09\/agv-2.jpg\" class=\"elementor-animation-grow attachment-large size-large wp-image-280\" alt=\"\" srcset=\"https:\/\/arthurvillain.com\/wp-content\/uploads\/2025\/09\/agv-2.jpg 1024w, https:\/\/arthurvillain.com\/wp-content\/uploads\/2025\/09\/agv-2-300x300.jpg 300w, https:\/\/arthurvillain.com\/wp-content\/uploads\/2025\/09\/agv-2-150x150.jpg 150w, https:\/\/arthurvillain.com\/wp-content\/uploads\/2025\/09\/agv-2-768x768.jpg 768w\" sizes=\"(max-width: 1024px) 100vw, 1024px\" \/>\t\t\t\t\t\t\t\t<\/a>\n\t\t\t\t\t\t\t\t\t\t\t\t\t\t\t<\/div>\n\t\t\t\t<\/div>\n\t\t\t\t\t<\/div>\n\t\t\t\t<\/div>\n\t\t<div class=\"elementor-element elementor-element-8210392 e-flex e-con-boxed e-con e-parent\" data-id=\"8210392\" data-element_type=\"container\">\n\t\t\t\t\t<div class=\"e-con-inner\">\n\t\t\t\t<div class=\"elementor-element elementor-element-54069b3 elementor-widget elementor-widget-spacer\" data-id=\"54069b3\" data-element_type=\"widget\" data-widget_type=\"spacer.default\">\n\t\t\t\t\t\t\t<div class=\"elementor-spacer\">\n\t\t\t<div class=\"elementor-spacer-inner\"><\/div>\n\t\t<\/div>\n\t\t\t\t\t\t<\/div>\n\t\t\t\t\t<\/div>\n\t\t\t\t<\/div>\n\t\t<div class=\"elementor-element elementor-element-246f6fe e-flex e-con-boxed e-con e-parent\" data-id=\"246f6fe\" data-element_type=\"container\" data-settings=\"{&quot;background_background&quot;:&quot;classic&quot;}\">\n\t\t\t\t\t<div class=\"e-con-inner\">\n\t\t\t\t\t<\/div>\n\t\t\t\t<\/div>\n\t\t\t\t<\/div>\n\t\t","protected":false},"excerpt":{"rendered":"<p>LES MIRETTES SABLAISES Les Mirettes Sablaises est un projet sur la d\u00e9couverte du patrimoine local. L\u2019objectif \u00e9tait de cr\u00e9er une [&hellip;]<\/p>\n","protected":false},"author":1,"featured_media":0,"parent":0,"menu_order":0,"comment_status":"closed","ping_status":"closed","template":"","meta":{"_monsterinsights_skip_tracking":false,"_monsterinsights_sitenote_active":false,"_monsterinsights_sitenote_note":"","_monsterinsights_sitenote_category":0,"site-sidebar-layout":"no-sidebar","site-content-layout":"","ast-site-content-layout":"full-width-container","site-content-style":"default","site-sidebar-style":"default","ast-global-header-display":"","ast-banner-title-visibility":"","ast-main-header-display":"","ast-hfb-above-header-display":"","ast-hfb-below-header-display":"","ast-hfb-mobile-header-display":"","site-post-title":"disabled","ast-breadcrumbs-content":"","ast-featured-img":"disabled","footer-sml-layout":"","theme-transparent-header-meta":"","adv-header-id-meta":"","stick-header-meta":"","header-above-stick-meta":"","header-main-stick-meta":"","header-below-stick-meta":"","astra-migrate-meta-layouts":"default","ast-page-background-enabled":"default","ast-page-background-meta":{"desktop":{"background-color":"var(--ast-global-color-5)","background-image":"","background-repeat":"repeat","background-position":"center center","background-size":"auto","background-attachment":"scroll","background-type":"","background-media":"","overlay-type":"","overlay-color":"","overlay-opacity":"","overlay-gradient":""},"tablet":{"background-color":"","background-image":"","background-repeat":"repeat","background-position":"center center","background-size":"auto","background-attachment":"scroll","background-type":"","background-media":"","overlay-type":"","overlay-color":"","overlay-opacity":"","overlay-gradient":""},"mobile":{"background-color":"","background-image":"","background-repeat":"repeat","background-position":"center center","background-size":"auto","background-attachment":"scroll","background-type":"","background-media":"","overlay-type":"","overlay-color":"","overlay-opacity":"","overlay-gradient":""}},"ast-content-background-meta":{"desktop":{"background-color":"var(--ast-global-color-4)","background-image":"","background-repeat":"repeat","background-position":"center center","background-size":"auto","background-attachment":"scroll","background-type":"","background-media":"","overlay-type":"","overlay-color":"","overlay-opacity":"","overlay-gradient":""},"tablet":{"background-color":"var(--ast-global-color-4)","background-image":"","background-repeat":"repeat","background-position":"center center","background-size":"auto","background-attachment":"scroll","background-type":"","background-media":"","overlay-type":"","overlay-color":"","overlay-opacity":"","overlay-gradient":""},"mobile":{"background-color":"var(--ast-global-color-4)","background-image":"","background-repeat":"repeat","background-position":"center center","background-size":"auto","background-attachment":"scroll","background-type":"","background-media":"","overlay-type":"","overlay-color":"","overlay-opacity":"","overlay-gradient":""}},"footnotes":""},"class_list":["post-189","page","type-page","status-publish","hentry"],"_links":{"self":[{"href":"https:\/\/arthurvillain.com\/index.php?rest_route=\/wp\/v2\/pages\/189","targetHints":{"allow":["GET"]}}],"collection":[{"href":"https:\/\/arthurvillain.com\/index.php?rest_route=\/wp\/v2\/pages"}],"about":[{"href":"https:\/\/arthurvillain.com\/index.php?rest_route=\/wp\/v2\/types\/page"}],"author":[{"embeddable":true,"href":"https:\/\/arthurvillain.com\/index.php?rest_route=\/wp\/v2\/users\/1"}],"replies":[{"embeddable":true,"href":"https:\/\/arthurvillain.com\/index.php?rest_route=%2Fwp%2Fv2%2Fcomments&post=189"}],"version-history":[{"count":70,"href":"https:\/\/arthurvillain.com\/index.php?rest_route=\/wp\/v2\/pages\/189\/revisions"}],"predecessor-version":[{"id":1322,"href":"https:\/\/arthurvillain.com\/index.php?rest_route=\/wp\/v2\/pages\/189\/revisions\/1322"}],"wp:attachment":[{"href":"https:\/\/arthurvillain.com\/index.php?rest_route=%2Fwp%2Fv2%2Fmedia&parent=189"}],"curies":[{"name":"wp","href":"https:\/\/api.w.org\/{rel}","templated":true}]}}