{"id":680,"date":"2025-09-05T13:42:44","date_gmt":"2025-09-05T13:42:44","guid":{"rendered":"https:\/\/arthurvillain.com\/?page_id=680"},"modified":"2026-03-04T15:43:11","modified_gmt":"2026-03-04T15:43:11","slug":"catalogue-agv","status":"publish","type":"page","link":"https:\/\/arthurvillain.com\/?page_id=680","title":{"rendered":"Catalogue AGV"},"content":{"rendered":"\t\t<div data-elementor-type=\"wp-page\" data-elementor-id=\"680\" class=\"elementor elementor-680\">\n\t\t\t\t<div class=\"elementor-element elementor-element-fbb1b9d e-flex e-con-boxed e-con e-parent\" data-id=\"fbb1b9d\" data-element_type=\"container\" data-settings=\"{&quot;background_background&quot;:&quot;classic&quot;}\">\n\t\t\t\t\t<div class=\"e-con-inner\">\n\t\t\t\t<div class=\"elementor-element elementor-element-73b8e06 elementor-widget elementor-widget-spacer\" data-id=\"73b8e06\" data-element_type=\"widget\" data-widget_type=\"spacer.default\">\n\t\t\t\t\t\t\t<div class=\"elementor-spacer\">\n\t\t\t<div class=\"elementor-spacer-inner\"><\/div>\n\t\t<\/div>\n\t\t\t\t\t\t<\/div>\n\t\t\t\t<div class=\"elementor-element elementor-element-c9aad9c elementor-widget elementor-widget-heading\" data-id=\"c9aad9c\" data-element_type=\"widget\" data-widget_type=\"heading.default\">\n\t\t\t\t\t<h1 class=\"elementor-heading-title elementor-size-default\">Catalogue AGV<\/h1>\t\t\t\t<\/div>\n\t\t\t\t<div class=\"elementor-element elementor-element-3dba0b6 elementor-widget elementor-widget-text-editor\" data-id=\"3dba0b6\" data-element_type=\"widget\" data-widget_type=\"text-editor.default\">\n\t\t\t\t\t\t\t\t\t<p>Projet de cr\u00e9ation d\u2019un <strong data-start=\"72\" data-end=\"110\">catalogue pour AGV JUSSIEU secours<\/strong>. L\u2019objectif \u00e9tait de concevoir un support dynamique et visuellement impactant, refl\u00e9tant l\u2019\u00e9nergie, la coh\u00e9sion et le professionnalisme de l\u2019entreprise. Ce catalogue met en valeur les \u00e9quipes, les services et l\u2019identit\u00e9 d\u2019AGV \u00e0 travers une mise en page claire et un design moderne<\/p>\t\t\t\t\t\t\t\t<\/div>\n\t\t\t\t<div class=\"elementor-element elementor-element-951f912 elementor-widget elementor-widget-image\" data-id=\"951f912\" data-element_type=\"widget\" data-widget_type=\"image.default\">\n\t\t\t\t\t\t\t\t\t\t\t\t\t\t\t<img decoding=\"async\" width=\"300\" height=\"147\" src=\"https:\/\/arthurvillain.com\/wp-content\/uploads\/2025\/09\/3-logo-300x147.png\" class=\"attachment-medium size-medium wp-image-583\" alt=\"\" srcset=\"https:\/\/arthurvillain.com\/wp-content\/uploads\/2025\/09\/3-logo-300x147.png 300w, https:\/\/arthurvillain.com\/wp-content\/uploads\/2025\/09\/3-logo.png 539w\" sizes=\"(max-width: 300px) 100vw, 300px\" \/>\t\t\t\t\t\t\t\t\t\t\t\t\t\t\t<\/div>\n\t\t\t\t<div class=\"elementor-element elementor-element-6ca171e elementor-widget elementor-widget-text-editor\" data-id=\"6ca171e\" data-element_type=\"widget\" data-widget_type=\"text-editor.default\">\n\t\t\t\t\t\t\t\t\t<p style=\"text-align: center;\">R\u00e9alisations en entreprise<\/p><p style=\"text-align: center;\">2025<\/p>\t\t\t\t\t\t\t\t<\/div>\n\t\t\t\t\t<\/div>\n\t\t\t\t<\/div>\n\t\t<div class=\"elementor-element elementor-element-de957cf e-flex e-con-boxed e-con e-parent\" data-id=\"de957cf\" data-element_type=\"container\">\n\t\t\t\t\t<div class=\"e-con-inner\">\n\t\t\t\t<div class=\"elementor-element elementor-element-7396eb7 elementor-widget elementor-widget-spacer\" data-id=\"7396eb7\" data-element_type=\"widget\" data-widget_type=\"spacer.default\">\n\t\t\t\t\t\t\t<div class=\"elementor-spacer\">\n\t\t\t<div class=\"elementor-spacer-inner\"><\/div>\n\t\t<\/div>\n\t\t\t\t\t\t<\/div>\n\t\t\t\t<div class=\"elementor-element elementor-element-b6ed2f2 elementor-invisible elementor-widget elementor-widget-image\" data-id=\"b6ed2f2\" data-element_type=\"widget\" data-settings=\"{&quot;_animation&quot;:&quot;fadeInUp&quot;}\" data-widget_type=\"image.default\">\n\t\t\t\t\t\t\t\t\t\t\t\t\t\t\t<img fetchpriority=\"high\" decoding=\"async\" width=\"768\" height=\"768\" src=\"https:\/\/arthurvillain.com\/wp-content\/uploads\/2025\/09\/agv-1-768x768.jpg\" class=\"attachment-medium_large size-medium_large wp-image-279\" alt=\"\" srcset=\"https:\/\/arthurvillain.com\/wp-content\/uploads\/2025\/09\/agv-1-768x768.jpg 768w, https:\/\/arthurvillain.com\/wp-content\/uploads\/2025\/09\/agv-1-300x300.jpg 300w, https:\/\/arthurvillain.com\/wp-content\/uploads\/2025\/09\/agv-1-150x150.jpg 150w, https:\/\/arthurvillain.com\/wp-content\/uploads\/2025\/09\/agv-1.jpg 1024w\" sizes=\"(max-width: 768px) 100vw, 768px\" \/>\t\t\t\t\t\t\t\t\t\t\t\t\t\t\t<\/div>\n\t\t\t\t<div class=\"elementor-element elementor-element-07c770c elementor-invisible elementor-widget elementor-widget-heading\" data-id=\"07c770c\" data-element_type=\"widget\" data-settings=\"{&quot;_animation&quot;:&quot;fadeInUp&quot;}\" data-widget_type=\"heading.default\">\n\t\t\t\t\t<h2 class=\"elementor-heading-title elementor-size-default\">LE CONTEXTE<\/h2>\t\t\t\t<\/div>\n\t\t\t\t<div class=\"elementor-element elementor-element-c34249c elementor-invisible elementor-widget elementor-widget-text-editor\" data-id=\"c34249c\" data-element_type=\"widget\" data-settings=\"{&quot;_animation&quot;:&quot;fadeInUp&quot;}\" data-widget_type=\"text-editor.default\">\n\t\t\t\t\t\t\t\t\t<p>Dans le cadre de mon exp\u00e9rience au sein de l\u2019entreprise <strong>AGV Jussieu secours<\/strong>, j\u2019ai particip\u00e9 \u00e0 la cr\u00e9ation et au d\u00e9veloppement de supports de communication interne et externe.<br>Mon r\u00f4le consistait \u00e0 concevoir des visuels adapt\u00e9s \u00e0 diff\u00e9rents besoins : affiches, catalogues, supports promotionnels et contenus destin\u00e9s aux r\u00e9seaux sociaux.<br>Cette exp\u00e9rience m\u2019a permis d\u2019appliquer mes comp\u00e9tences en graphisme et en communication visuelle dans un cadre professionnel concret.<\/p>\t\t\t\t\t\t\t\t<\/div>\n\t\t\t\t\t<\/div>\n\t\t\t\t<\/div>\n\t\t<div class=\"elementor-element elementor-element-9b1352e e-grid e-con-boxed e-con e-parent\" data-id=\"9b1352e\" data-element_type=\"container\">\n\t\t\t\t\t<div class=\"e-con-inner\">\n\t\t\t\t<div class=\"elementor-element elementor-element-4444f73 elementor-invisible elementor-widget elementor-widget-image\" data-id=\"4444f73\" data-element_type=\"widget\" data-settings=\"{&quot;_animation&quot;:&quot;fadeInUp&quot;}\" data-widget_type=\"image.default\">\n\t\t\t\t\t\t\t\t\t\t\t\t\t\t\t<img decoding=\"async\" width=\"727\" height=\"1024\" src=\"https:\/\/arthurvillain.com\/wp-content\/uploads\/2025\/09\/intro-727x1024.jpg\" class=\"attachment-large size-large wp-image-726\" alt=\"\" srcset=\"https:\/\/arthurvillain.com\/wp-content\/uploads\/2025\/09\/intro-727x1024.jpg 727w, https:\/\/arthurvillain.com\/wp-content\/uploads\/2025\/09\/intro-213x300.jpg 213w, https:\/\/arthurvillain.com\/wp-content\/uploads\/2025\/09\/intro-768x1081.jpg 768w, https:\/\/arthurvillain.com\/wp-content\/uploads\/2025\/09\/intro-1091x1536.jpg 1091w, https:\/\/arthurvillain.com\/wp-content\/uploads\/2025\/09\/intro-1455x2048.jpg 1455w, https:\/\/arthurvillain.com\/wp-content\/uploads\/2025\/09\/intro-scaled.jpg 1819w\" sizes=\"(max-width: 727px) 100vw, 727px\" \/>\t\t\t\t\t\t\t\t\t\t\t\t\t\t\t<\/div>\n\t\t\t\t<div class=\"elementor-element elementor-element-6b36856 elementor-invisible elementor-widget elementor-widget-image\" data-id=\"6b36856\" data-element_type=\"widget\" data-settings=\"{&quot;_animation&quot;:&quot;fadeInUp&quot;}\" data-widget_type=\"image.default\">\n\t\t\t\t\t\t\t\t\t\t\t\t\t\t\t<img loading=\"lazy\" decoding=\"async\" width=\"723\" height=\"1024\" src=\"https:\/\/arthurvillain.com\/wp-content\/uploads\/2025\/09\/1-ere-page-petit-livret-723x1024.jpg\" class=\"attachment-large size-large wp-image-720\" alt=\"\" srcset=\"https:\/\/arthurvillain.com\/wp-content\/uploads\/2025\/09\/1-ere-page-petit-livret-723x1024.jpg 723w, https:\/\/arthurvillain.com\/wp-content\/uploads\/2025\/09\/1-ere-page-petit-livret-212x300.jpg 212w, https:\/\/arthurvillain.com\/wp-content\/uploads\/2025\/09\/1-ere-page-petit-livret-768x1088.jpg 768w, https:\/\/arthurvillain.com\/wp-content\/uploads\/2025\/09\/1-ere-page-petit-livret-1084x1536.jpg 1084w, https:\/\/arthurvillain.com\/wp-content\/uploads\/2025\/09\/1-ere-page-petit-livret-1446x2048.jpg 1446w, https:\/\/arthurvillain.com\/wp-content\/uploads\/2025\/09\/1-ere-page-petit-livret.jpg 1751w\" sizes=\"(max-width: 723px) 100vw, 723px\" \/>\t\t\t\t\t\t\t\t\t\t\t\t\t\t\t<\/div>\n\t\t\t\t<div class=\"elementor-element elementor-element-95c4840 elementor-invisible elementor-widget elementor-widget-image\" data-id=\"95c4840\" data-element_type=\"widget\" data-settings=\"{&quot;_animation&quot;:&quot;fadeInUp&quot;}\" data-widget_type=\"image.default\">\n\t\t\t\t\t\t\t\t\t\t\t\t\t\t\t<img loading=\"lazy\" decoding=\"async\" width=\"723\" height=\"1024\" src=\"https:\/\/arthurvillain.com\/wp-content\/uploads\/2025\/09\/2eme-page-petit-livret-723x1024.jpg\" class=\"attachment-large size-large wp-image-721\" alt=\"\" srcset=\"https:\/\/arthurvillain.com\/wp-content\/uploads\/2025\/09\/2eme-page-petit-livret-723x1024.jpg 723w, https:\/\/arthurvillain.com\/wp-content\/uploads\/2025\/09\/2eme-page-petit-livret-212x300.jpg 212w, https:\/\/arthurvillain.com\/wp-content\/uploads\/2025\/09\/2eme-page-petit-livret-768x1088.jpg 768w, https:\/\/arthurvillain.com\/wp-content\/uploads\/2025\/09\/2eme-page-petit-livret-1084x1536.jpg 1084w, https:\/\/arthurvillain.com\/wp-content\/uploads\/2025\/09\/2eme-page-petit-livret-1446x2048.jpg 1446w, https:\/\/arthurvillain.com\/wp-content\/uploads\/2025\/09\/2eme-page-petit-livret.jpg 1751w\" sizes=\"(max-width: 723px) 100vw, 723px\" \/>\t\t\t\t\t\t\t\t\t\t\t\t\t\t\t<\/div>\n\t\t\t\t<div class=\"elementor-element elementor-element-7b34286 elementor-invisible elementor-widget elementor-widget-image\" data-id=\"7b34286\" data-element_type=\"widget\" data-settings=\"{&quot;_animation&quot;:&quot;fadeInUp&quot;}\" data-widget_type=\"image.default\">\n\t\t\t\t\t\t\t\t\t\t\t\t\t\t\t<img loading=\"lazy\" decoding=\"async\" width=\"722\" height=\"1024\" src=\"https:\/\/arthurvillain.com\/wp-content\/uploads\/2025\/09\/5eme-page-petit-livret-722x1024.jpg\" class=\"attachment-large size-large wp-image-724\" alt=\"\" srcset=\"https:\/\/arthurvillain.com\/wp-content\/uploads\/2025\/09\/5eme-page-petit-livret-722x1024.jpg 722w, https:\/\/arthurvillain.com\/wp-content\/uploads\/2025\/09\/5eme-page-petit-livret-211x300.jpg 211w, https:\/\/arthurvillain.com\/wp-content\/uploads\/2025\/09\/5eme-page-petit-livret-768x1090.jpg 768w, https:\/\/arthurvillain.com\/wp-content\/uploads\/2025\/09\/5eme-page-petit-livret-1083x1536.jpg 1083w, https:\/\/arthurvillain.com\/wp-content\/uploads\/2025\/09\/5eme-page-petit-livret-1444x2048.jpg 1444w, https:\/\/arthurvillain.com\/wp-content\/uploads\/2025\/09\/5eme-page-petit-livret.jpg 1748w\" sizes=\"(max-width: 722px) 100vw, 722px\" \/>\t\t\t\t\t\t\t\t\t\t\t\t\t\t\t<\/div>\n\t\t\t\t<div class=\"elementor-element elementor-element-2ba50b5 elementor-invisible elementor-widget elementor-widget-image\" data-id=\"2ba50b5\" data-element_type=\"widget\" data-settings=\"{&quot;_animation&quot;:&quot;fadeInUp&quot;}\" data-widget_type=\"image.default\">\n\t\t\t\t\t\t\t\t\t\t\t\t\t\t\t<img loading=\"lazy\" decoding=\"async\" width=\"722\" height=\"1024\" src=\"https:\/\/arthurvillain.com\/wp-content\/uploads\/2025\/09\/6eme-page-petit-livret-722x1024.jpg\" class=\"attachment-large size-large wp-image-725\" alt=\"\" srcset=\"https:\/\/arthurvillain.com\/wp-content\/uploads\/2025\/09\/6eme-page-petit-livret-722x1024.jpg 722w, https:\/\/arthurvillain.com\/wp-content\/uploads\/2025\/09\/6eme-page-petit-livret-211x300.jpg 211w, https:\/\/arthurvillain.com\/wp-content\/uploads\/2025\/09\/6eme-page-petit-livret-768x1090.jpg 768w, https:\/\/arthurvillain.com\/wp-content\/uploads\/2025\/09\/6eme-page-petit-livret-1083x1536.jpg 1083w, https:\/\/arthurvillain.com\/wp-content\/uploads\/2025\/09\/6eme-page-petit-livret-1444x2048.jpg 1444w, https:\/\/arthurvillain.com\/wp-content\/uploads\/2025\/09\/6eme-page-petit-livret.jpg 1748w\" sizes=\"(max-width: 722px) 100vw, 722px\" \/>\t\t\t\t\t\t\t\t\t\t\t\t\t\t\t<\/div>\n\t\t\t\t<div class=\"elementor-element elementor-element-ecdc6f6 elementor-invisible elementor-widget elementor-widget-image\" data-id=\"ecdc6f6\" data-element_type=\"widget\" data-settings=\"{&quot;_animation&quot;:&quot;fadeInUp&quot;}\" data-widget_type=\"image.default\">\n\t\t\t\t\t\t\t\t\t\t\t\t\t\t\t<img loading=\"lazy\" decoding=\"async\" width=\"727\" height=\"1024\" src=\"https:\/\/arthurvillain.com\/wp-content\/uploads\/2025\/09\/page-conclusion-727x1024.jpg\" class=\"attachment-large size-large wp-image-727\" alt=\"\" srcset=\"https:\/\/arthurvillain.com\/wp-content\/uploads\/2025\/09\/page-conclusion-727x1024.jpg 727w, https:\/\/arthurvillain.com\/wp-content\/uploads\/2025\/09\/page-conclusion-213x300.jpg 213w, https:\/\/arthurvillain.com\/wp-content\/uploads\/2025\/09\/page-conclusion-768x1081.jpg 768w, https:\/\/arthurvillain.com\/wp-content\/uploads\/2025\/09\/page-conclusion-1091x1536.jpg 1091w, https:\/\/arthurvillain.com\/wp-content\/uploads\/2025\/09\/page-conclusion-1455x2048.jpg 1455w, https:\/\/arthurvillain.com\/wp-content\/uploads\/2025\/09\/page-conclusion-scaled.jpg 1819w\" sizes=\"(max-width: 727px) 100vw, 727px\" \/>\t\t\t\t\t\t\t\t\t\t\t\t\t\t\t<\/div>\n\t\t\t\t<div class=\"elementor-element elementor-element-6de8e07 elementor-invisible elementor-widget elementor-widget-image\" data-id=\"6de8e07\" data-element_type=\"widget\" data-settings=\"{&quot;_animation&quot;:&quot;fadeInUp&quot;}\" data-widget_type=\"image.default\">\n\t\t\t\t\t\t\t\t\t\t\t\t\t\t\t<img loading=\"lazy\" decoding=\"async\" width=\"1024\" height=\"722\" src=\"https:\/\/arthurvillain.com\/wp-content\/uploads\/2025\/09\/4eme-page-petit-livret-1024x722.jpg\" class=\"attachment-large size-large wp-image-723\" alt=\"\" srcset=\"https:\/\/arthurvillain.com\/wp-content\/uploads\/2025\/09\/4eme-page-petit-livret-1024x722.jpg 1024w, https:\/\/arthurvillain.com\/wp-content\/uploads\/2025\/09\/4eme-page-petit-livret-300x211.jpg 300w, https:\/\/arthurvillain.com\/wp-content\/uploads\/2025\/09\/4eme-page-petit-livret-768x541.jpg 768w, https:\/\/arthurvillain.com\/wp-content\/uploads\/2025\/09\/4eme-page-petit-livret-1536x1083.jpg 1536w, https:\/\/arthurvillain.com\/wp-content\/uploads\/2025\/09\/4eme-page-petit-livret-2048x1444.jpg 2048w\" sizes=\"(max-width: 1024px) 100vw, 1024px\" \/>\t\t\t\t\t\t\t\t\t\t\t\t\t\t\t<\/div>\n\t\t\t\t<div class=\"elementor-element elementor-element-31123f8 elementor-invisible elementor-widget elementor-widget-image\" data-id=\"31123f8\" data-element_type=\"widget\" data-settings=\"{&quot;_animation&quot;:&quot;fadeInUp&quot;}\" data-widget_type=\"image.default\">\n\t\t\t\t\t\t\t\t\t\t\t\t\t\t\t<img loading=\"lazy\" decoding=\"async\" width=\"1024\" height=\"722\" src=\"https:\/\/arthurvillain.com\/wp-content\/uploads\/2025\/09\/3eme-page-petit-livret-1024x722.jpg\" class=\"attachment-large size-large wp-image-722\" alt=\"\" srcset=\"https:\/\/arthurvillain.com\/wp-content\/uploads\/2025\/09\/3eme-page-petit-livret-1024x722.jpg 1024w, https:\/\/arthurvillain.com\/wp-content\/uploads\/2025\/09\/3eme-page-petit-livret-300x211.jpg 300w, https:\/\/arthurvillain.com\/wp-content\/uploads\/2025\/09\/3eme-page-petit-livret-768x541.jpg 768w, https:\/\/arthurvillain.com\/wp-content\/uploads\/2025\/09\/3eme-page-petit-livret-1536x1083.jpg 1536w, https:\/\/arthurvillain.com\/wp-content\/uploads\/2025\/09\/3eme-page-petit-livret-2048x1444.jpg 2048w\" sizes=\"(max-width: 1024px) 100vw, 1024px\" \/>\t\t\t\t\t\t\t\t\t\t\t\t\t\t\t<\/div>\n\t\t\t\t\t<\/div>\n\t\t\t\t<\/div>\n\t\t<div class=\"elementor-element elementor-element-6baceb8 e-flex e-con-boxed e-con e-parent\" data-id=\"6baceb8\" data-element_type=\"container\">\n\t\t\t\t\t<div class=\"e-con-inner\">\n\t\t\t\t<div class=\"elementor-element elementor-element-b7578de elementor-widget elementor-widget-spacer\" data-id=\"b7578de\" data-element_type=\"widget\" data-widget_type=\"spacer.default\">\n\t\t\t\t\t\t\t<div class=\"elementor-spacer\">\n\t\t\t<div class=\"elementor-spacer-inner\"><\/div>\n\t\t<\/div>\n\t\t\t\t\t\t<\/div>\n\t\t\t\t<div class=\"elementor-element elementor-element-bc6d7e8 elementor-invisible elementor-widget elementor-widget-heading\" data-id=\"bc6d7e8\" data-element_type=\"widget\" data-settings=\"{&quot;_animation&quot;:&quot;fadeInUp&quot;}\" data-widget_type=\"heading.default\">\n\t\t\t\t\t<h2 class=\"elementor-heading-title elementor-size-default\">LA R\u00c9ALISATION<\/h2>\t\t\t\t<\/div>\n\t\t\t\t<div class=\"elementor-element elementor-element-f39d1c3 elementor-invisible elementor-widget elementor-widget-text-editor\" data-id=\"f39d1c3\" data-element_type=\"widget\" data-settings=\"{&quot;_animation&quot;:&quot;fadeInUp&quot;}\" data-widget_type=\"text-editor.default\">\n\t\t\t\t\t\t\t\t\t<p>J\u2019ai cr\u00e9\u00e9 un catalogue sp\u00e9cial pour la <strong data-start=\"187\" data-end=\"207\">foire expo<\/strong>, afin de pr\u00e9senter les services d\u2019<strong data-start=\"242\" data-end=\"275\">AGV Ambulance Jussieu Secours<\/strong>.<br data-start=\"276\" data-end=\"279\" \/>Ce support a permis de mettre en avant l\u2019entreprise et d\u2019attirer l\u2019attention des visiteurs lors de l\u2019\u00e9v\u00e9nement.<\/p>\t\t\t\t\t\t\t\t<\/div>\n\t\t\t\t<div class=\"elementor-element elementor-element-7365d77 elementor-widget elementor-widget-html\" data-id=\"7365d77\" data-element_type=\"widget\" data-widget_type=\"html.default\">\n\t\t\t\t\t<div class=\"_df_book df-lite\" id=\"df_1512\"  _slug=\"1512\" data-title=\"book-petit-livret-agv\" wpoptions=\"true\" thumbtype=\"\" ><\/div><script class=\"df-shortcode-script\" nowprocket type=\"application\/javascript\">window.option_df_1512 = {\"outline\":[],\"backgroundColor\":\"#fffff\",\"autoEnableOutline\":\"false\",\"autoEnableThumbnail\":\"false\",\"overwritePDFOutline\":\"false\",\"direction\":\"1\",\"pageSize\":\"0\",\"source\":\"https:\\\/\\\/arthurvillain.com\\\/wp-content\\\/uploads\\\/2026\\\/03\\\/flip-box-petit-livret-agv.pdf\",\"wpOptions\":\"true\"}; if(window.DFLIP && window.DFLIP.parseBooks){window.DFLIP.parseBooks();}<\/script>\t\t\t\t<\/div>\n\t\t\t\t<div class=\"elementor-element elementor-element-f2d0972 elementor-widget elementor-widget-spacer\" data-id=\"f2d0972\" data-element_type=\"widget\" data-widget_type=\"spacer.default\">\n\t\t\t\t\t\t\t<div class=\"elementor-spacer\">\n\t\t\t<div class=\"elementor-spacer-inner\"><\/div>\n\t\t<\/div>\n\t\t\t\t\t\t<\/div>\n\t\t\t\t<div class=\"elementor-element elementor-element-082f8da elementor-invisible elementor-widget elementor-widget-heading\" data-id=\"082f8da\" data-element_type=\"widget\" data-settings=\"{&quot;_animation&quot;:&quot;fadeInUp&quot;}\" data-widget_type=\"heading.default\">\n\t\t\t\t\t<h2 class=\"elementor-heading-title elementor-size-default\">AUTRES PROJETS : <\/h2>\t\t\t\t<\/div>\n\t\t\t\t\t<\/div>\n\t\t\t\t<\/div>\n\t\t<div class=\"elementor-element elementor-element-8c37a78 e-flex e-con-boxed e-con e-parent\" data-id=\"8c37a78\" data-element_type=\"container\">\n\t\t\t\t\t<div class=\"e-con-inner\">\n\t\t<div class=\"elementor-element elementor-element-051dc4d e-con-full e-flex e-con e-child\" data-id=\"051dc4d\" data-element_type=\"container\">\n\t\t<div class=\"elementor-element elementor-element-4a9a095 e-grid e-con-full e-con e-child\" data-id=\"4a9a095\" data-element_type=\"container\">\n\t\t\t\t<div class=\"elementor-element elementor-element-48f5160 elementor-invisible elementor-widget elementor-widget-image\" data-id=\"48f5160\" data-element_type=\"widget\" data-settings=\"{&quot;_animation&quot;:&quot;fadeInUp&quot;}\" data-widget_type=\"image.default\">\n\t\t\t\t\t\t\t\t\t\t\t\t\t\t\t\t<a href=\"https:\/\/arthurvillain.com\/?page_id=1213\">\n\t\t\t\t\t\t\t<img loading=\"lazy\" decoding=\"async\" width=\"1024\" height=\"1024\" src=\"https:\/\/arthurvillain.com\/wp-content\/uploads\/2026\/01\/psg.jpg\" class=\"elementor-animation-grow attachment-large size-large wp-image-1208\" alt=\"\" srcset=\"https:\/\/arthurvillain.com\/wp-content\/uploads\/2026\/01\/psg.jpg 1024w, https:\/\/arthurvillain.com\/wp-content\/uploads\/2026\/01\/psg-300x300.jpg 300w, https:\/\/arthurvillain.com\/wp-content\/uploads\/2026\/01\/psg-150x150.jpg 150w, https:\/\/arthurvillain.com\/wp-content\/uploads\/2026\/01\/psg-768x768.jpg 768w\" sizes=\"(max-width: 1024px) 100vw, 1024px\" \/>\t\t\t\t\t\t\t\t<\/a>\n\t\t\t\t\t\t\t\t\t\t\t\t\t\t\t<\/div>\n\t\t\t\t<div class=\"elementor-element elementor-element-727998e elementor-invisible elementor-widget elementor-widget-image\" data-id=\"727998e\" data-element_type=\"widget\" data-settings=\"{&quot;_animation&quot;:&quot;fadeInUp&quot;}\" data-widget_type=\"image.default\">\n\t\t\t\t\t\t\t\t\t\t\t\t\t\t\t\t<a href=\"https:\/\/arthurvillain.com\/?page_id=190\">\n\t\t\t\t\t\t\t<img loading=\"lazy\" decoding=\"async\" width=\"1024\" height=\"1024\" src=\"https:\/\/arthurvillain.com\/wp-content\/uploads\/2025\/09\/bouchart.jpg\" class=\"elementor-animation-grow attachment-large size-large wp-image-285\" alt=\"Bouch&#039;art Oreil\" srcset=\"https:\/\/arthurvillain.com\/wp-content\/uploads\/2025\/09\/bouchart.jpg 1024w, https:\/\/arthurvillain.com\/wp-content\/uploads\/2025\/09\/bouchart-300x300.jpg 300w, https:\/\/arthurvillain.com\/wp-content\/uploads\/2025\/09\/bouchart-150x150.jpg 150w, https:\/\/arthurvillain.com\/wp-content\/uploads\/2025\/09\/bouchart-768x768.jpg 768w\" sizes=\"(max-width: 1024px) 100vw, 1024px\" \/>\t\t\t\t\t\t\t\t<\/a>\n\t\t\t\t\t\t\t\t\t\t\t\t\t\t\t<\/div>\n\t\t\t\t<div class=\"elementor-element elementor-element-8830776 elementor-invisible elementor-widget elementor-widget-image\" data-id=\"8830776\" data-element_type=\"widget\" data-settings=\"{&quot;_animation&quot;:&quot;fadeInUp&quot;}\" data-widget_type=\"image.default\">\n\t\t\t\t\t\t\t\t\t\t\t\t\t\t\t\t<a href=\"https:\/\/arthurvillain.com\/?page_id=171\">\n\t\t\t\t\t\t\t<img loading=\"lazy\" decoding=\"async\" width=\"1024\" height=\"1024\" src=\"https:\/\/arthurvillain.com\/wp-content\/uploads\/2026\/01\/ferme.jpg\" class=\"elementor-animation-grow attachment-large size-large wp-image-1209\" alt=\"\" srcset=\"https:\/\/arthurvillain.com\/wp-content\/uploads\/2026\/01\/ferme.jpg 1024w, https:\/\/arthurvillain.com\/wp-content\/uploads\/2026\/01\/ferme-300x300.jpg 300w, https:\/\/arthurvillain.com\/wp-content\/uploads\/2026\/01\/ferme-150x150.jpg 150w, https:\/\/arthurvillain.com\/wp-content\/uploads\/2026\/01\/ferme-768x768.jpg 768w\" sizes=\"(max-width: 1024px) 100vw, 1024px\" \/>\t\t\t\t\t\t\t\t<\/a>\n\t\t\t\t\t\t\t\t\t\t\t\t\t\t\t<\/div>\n\t\t\t\t<\/div>\n\t\t\t\t<div class=\"elementor-element elementor-element-9b78dec elementor-widget elementor-widget-spacer\" data-id=\"9b78dec\" data-element_type=\"widget\" data-widget_type=\"spacer.default\">\n\t\t\t\t\t\t\t<div class=\"elementor-spacer\">\n\t\t\t<div class=\"elementor-spacer-inner\"><\/div>\n\t\t<\/div>\n\t\t\t\t\t\t<\/div>\n\t\t\t\t<\/div>\n\t\t\t\t\t<\/div>\n\t\t\t\t<\/div>\n\t\t<div class=\"elementor-element elementor-element-f979f90 e-flex e-con-boxed e-con e-parent\" data-id=\"f979f90\" data-element_type=\"container\" data-settings=\"{&quot;background_background&quot;:&quot;classic&quot;}\">\n\t\t\t\t\t<div class=\"e-con-inner\">\n\t\t\t\t\t<\/div>\n\t\t\t\t<\/div>\n\t\t\t\t<\/div>\n\t\t","protected":false},"excerpt":{"rendered":"<p>Catalogue AGV Projet de cr\u00e9ation d\u2019un catalogue pour AGV JUSSIEU secours. L\u2019objectif \u00e9tait de concevoir un support dynamique et visuellement [&hellip;]<\/p>\n","protected":false},"author":3,"featured_media":0,"parent":0,"menu_order":0,"comment_status":"closed","ping_status":"closed","template":"","meta":{"_monsterinsights_skip_tracking":false,"_monsterinsights_sitenote_active":false,"_monsterinsights_sitenote_note":"","_monsterinsights_sitenote_category":0,"site-sidebar-layout":"no-sidebar","site-content-layout":"","ast-site-content-layout":"full-width-container","site-content-style":"default","site-sidebar-style":"default","ast-global-header-display":"","ast-banner-title-visibility":"","ast-main-header-display":"","ast-hfb-above-header-display":"","ast-hfb-below-header-display":"","ast-hfb-mobile-header-display":"","site-post-title":"disabled","ast-breadcrumbs-content":"","ast-featured-img":"disabled","footer-sml-layout":"","theme-transparent-header-meta":"","adv-header-id-meta":"","stick-header-meta":"","header-above-stick-meta":"","header-main-stick-meta":"","header-below-stick-meta":"","astra-migrate-meta-layouts":"default","ast-page-background-enabled":"default","ast-page-background-meta":{"desktop":{"background-color":"var(--ast-global-color-5)","background-image":"","background-repeat":"repeat","background-position":"center center","background-size":"auto","background-attachment":"scroll","background-type":"","background-media":"","overlay-type":"","overlay-color":"","overlay-opacity":"","overlay-gradient":""},"tablet":{"background-color":"","background-image":"","background-repeat":"repeat","background-position":"center center","background-size":"auto","background-attachment":"scroll","background-type":"","background-media":"","overlay-type":"","overlay-color":"","overlay-opacity":"","overlay-gradient":""},"mobile":{"background-color":"","background-image":"","background-repeat":"repeat","background-position":"center center","background-size":"auto","background-attachment":"scroll","background-type":"","background-media":"","overlay-type":"","overlay-color":"","overlay-opacity":"","overlay-gradient":""}},"ast-content-background-meta":{"desktop":{"background-color":"var(--ast-global-color-4)","background-image":"","background-repeat":"repeat","background-position":"center center","background-size":"auto","background-attachment":"scroll","background-type":"","background-media":"","overlay-type":"","overlay-color":"","overlay-opacity":"","overlay-gradient":""},"tablet":{"background-color":"var(--ast-global-color-4)","background-image":"","background-repeat":"repeat","background-position":"center center","background-size":"auto","background-attachment":"scroll","background-type":"","background-media":"","overlay-type":"","overlay-color":"","overlay-opacity":"","overlay-gradient":""},"mobile":{"background-color":"var(--ast-global-color-4)","background-image":"","background-repeat":"repeat","background-position":"center center","background-size":"auto","background-attachment":"scroll","background-type":"","background-media":"","overlay-type":"","overlay-color":"","overlay-opacity":"","overlay-gradient":""}},"footnotes":""},"class_list":["post-680","page","type-page","status-publish","hentry"],"_links":{"self":[{"href":"https:\/\/arthurvillain.com\/index.php?rest_route=\/wp\/v2\/pages\/680","targetHints":{"allow":["GET"]}}],"collection":[{"href":"https:\/\/arthurvillain.com\/index.php?rest_route=\/wp\/v2\/pages"}],"about":[{"href":"https:\/\/arthurvillain.com\/index.php?rest_route=\/wp\/v2\/types\/page"}],"author":[{"embeddable":true,"href":"https:\/\/arthurvillain.com\/index.php?rest_route=\/wp\/v2\/users\/3"}],"replies":[{"embeddable":true,"href":"https:\/\/arthurvillain.com\/index.php?rest_route=%2Fwp%2Fv2%2Fcomments&post=680"}],"version-history":[{"count":58,"href":"https:\/\/arthurvillain.com\/index.php?rest_route=\/wp\/v2\/pages\/680\/revisions"}],"predecessor-version":[{"id":1524,"href":"https:\/\/arthurvillain.com\/index.php?rest_route=\/wp\/v2\/pages\/680\/revisions\/1524"}],"wp:attachment":[{"href":"https:\/\/arthurvillain.com\/index.php?rest_route=%2Fwp%2Fv2%2Fmedia&parent=680"}],"curies":[{"name":"wp","href":"https:\/\/api.w.org\/{rel}","templated":true}]}}