{"id":925,"date":"2025-10-08T08:09:49","date_gmt":"2025-10-08T08:09:49","guid":{"rendered":"https:\/\/arthurvillain.com\/?page_id=925"},"modified":"2025-10-20T12:00:02","modified_gmt":"2025-10-20T12:00:02","slug":"mentions-legales","status":"publish","type":"page","link":"https:\/\/arthurvillain.com\/?page_id=925","title":{"rendered":"Mentions l\u00e9gales"},"content":{"rendered":"\t\t<div data-elementor-type=\"wp-page\" data-elementor-id=\"925\" class=\"elementor elementor-925\">\n\t\t\t\t<div class=\"elementor-element elementor-element-7bad5bf e-flex e-con-boxed e-con e-parent\" data-id=\"7bad5bf\" data-element_type=\"container\">\n\t\t\t\t\t<div class=\"e-con-inner\">\n\t\t\t\t<div class=\"elementor-element elementor-element-f59148a elementor-widget elementor-widget-text-editor\" data-id=\"f59148a\" data-element_type=\"widget\" data-widget_type=\"text-editor.default\">\n\t\t\t\t\t\t\t\t\t<h1 data-start=\"121\" data-end=\"139\">Mentions l\u00e9gales<\/h1><p data-start=\"141\" data-end=\"362\"><strong data-start=\"141\" data-end=\"162\">\u00c9diteur du site :<\/strong><br data-start=\"162\" data-end=\"165\" \/><strong data-start=\"165\" data-end=\"174\">Nom :<\/strong> Arthur Villain<br data-start=\"189\" data-end=\"192\" \/><strong data-start=\"192\" data-end=\"204\">Statut :<\/strong> \u00c9tudiant en infographie<br data-start=\"228\" data-end=\"231\" \/><strong data-start=\"231\" data-end=\"244\">Adresse :<\/strong> Vend\u00e9e<br data-start=\"279\" data-end=\"282\" \/><strong data-start=\"282\" data-end=\"293\">Email :<\/strong> arthurvillain85@gmail.com<br data-start=\"317\" data-end=\"320\" \/><strong data-start=\"320\" data-end=\"335\">T\u00e9l\u00e9phone :<\/strong> 07 83 38 76 59<\/p><p data-start=\"364\" data-end=\"528\"><strong data-start=\"364\" data-end=\"381\">H\u00e9bergement :<\/strong><br data-start=\"381\" data-end=\"384\" \/><strong data-start=\"384\" data-end=\"393\">Nom :<\/strong> OVHcloud<br data-start=\"402\" data-end=\"405\" \/><strong data-start=\"405\" data-end=\"418\">Adresse :<\/strong> 2 rue Kellermann, 59100 Roubaix, France<br data-start=\"458\" data-end=\"461\" \/><strong data-start=\"461\" data-end=\"475\">Site web :<\/strong> <a class=\"decorated-link cursor-pointer\" target=\"_new\" rel=\"noopener\" data-start=\"476\" data-end=\"528\">https:\/\/www.ovhcloud.com<\/a><\/p><p data-start=\"530\" data-end=\"757\"><strong data-start=\"530\" data-end=\"560\">Propri\u00e9t\u00e9 intellectuelle :<\/strong><br data-start=\"560\" data-end=\"563\" \/>Tous les contenus pr\u00e9sents sur ce site (textes, images, logos, vid\u00e9os, design) sont prot\u00e9g\u00e9s par le droit d\u2019auteur. Toute reproduction, m\u00eame partielle, est interdite sans autorisation pr\u00e9alable.<\/p><p data-start=\"759\" data-end=\"1033\"><strong data-start=\"759\" data-end=\"785\">Donn\u00e9es personnelles :<\/strong><br data-start=\"785\" data-end=\"788\" \/>Aucune donn\u00e9e personnelle n\u2019est collect\u00e9e sur ce site sans ton consentement. Les informations \u00e9ventuellement transmises via le formulaire de contact sont utilis\u00e9es uniquement pour r\u00e9pondre \u00e0 tes demandes et ne sont jamais transmises \u00e0 des tiers.<\/p><p data-start=\"1035\" data-end=\"1181\"><strong data-start=\"1035\" data-end=\"1055\">Responsabilit\u00e9 :<\/strong><br data-start=\"1055\" data-end=\"1058\" \/>L\u2019\u00e9diteur ne peut \u00eatre tenu responsable des dommages directs ou indirects r\u00e9sultant de l\u2019acc\u00e8s ou de l\u2019utilisation du site.<\/p><p data-start=\"1183\" data-end=\"1391\"><strong data-start=\"1183\" data-end=\"1203\">Liens externes :<\/strong><br data-start=\"1203\" data-end=\"1206\" \/>Ce site peut contenir des liens vers d\u2019autres sites. L\u2019\u00e9diteur n\u2019est pas responsable du contenu de ces sites et d\u00e9cline toute responsabilit\u00e9 quant aux informations qui y sont pr\u00e9sentes.<\/p><p data-start=\"1393\" data-end=\"1484\"><strong data-start=\"1393\" data-end=\"1410\">Mise \u00e0 jour :<\/strong><br data-start=\"1410\" data-end=\"1413\" \/>Ces mentions l\u00e9gales peuvent \u00eatre modifi\u00e9es \u00e0 tout moment sans pr\u00e9avis.<\/p>\t\t\t\t\t\t\t\t<\/div>\n\t\t\t\t\t<\/div>\n\t\t\t\t<\/div>\n\t\t\t\t<\/div>\n\t\t","protected":false},"excerpt":{"rendered":"<p>Mentions l\u00e9gales \u00c9diteur du site :Nom : Arthur VillainStatut : \u00c9tudiant en infographieAdresse : Vend\u00e9eEmail : arthurvillain85@gmail.comT\u00e9l\u00e9phone : 07 83 [&hellip;]<\/p>\n","protected":false},"author":1,"featured_media":0,"parent":0,"menu_order":0,"comment_status":"closed","ping_status":"closed","template":"","meta":{"_monsterinsights_skip_tracking":false,"_monsterinsights_sitenote_active":false,"_monsterinsights_sitenote_note":"","_monsterinsights_sitenote_category":0,"site-sidebar-layout":"no-sidebar","site-content-layout":"","ast-site-content-layout":"full-width-container","site-content-style":"default","site-sidebar-style":"default","ast-global-header-display":"","ast-banner-title-visibility":"","ast-main-header-display":"","ast-hfb-above-header-display":"","ast-hfb-below-header-display":"","ast-hfb-mobile-header-display":"","site-post-title":"disabled","ast-breadcrumbs-content":"","ast-featured-img":"disabled","footer-sml-layout":"","theme-transparent-header-meta":"","adv-header-id-meta":"","stick-header-meta":"","header-above-stick-meta":"","header-main-stick-meta":"","header-below-stick-meta":"","astra-migrate-meta-layouts":"default","ast-page-background-enabled":"default","ast-page-background-meta":{"desktop":{"background-color":"var(--ast-global-color-5)","background-image":"","background-repeat":"repeat","background-position":"center center","background-size":"auto","background-attachment":"scroll","background-type":"","background-media":"","overlay-type":"","overlay-color":"","overlay-opacity":"","overlay-gradient":""},"tablet":{"background-color":"","background-image":"","background-repeat":"repeat","background-position":"center center","background-size":"auto","background-attachment":"scroll","background-type":"","background-media":"","overlay-type":"","overlay-color":"","overlay-opacity":"","overlay-gradient":""},"mobile":{"background-color":"","background-image":"","background-repeat":"repeat","background-position":"center center","background-size":"auto","background-attachment":"scroll","background-type":"","background-media":"","overlay-type":"","overlay-color":"","overlay-opacity":"","overlay-gradient":""}},"ast-content-background-meta":{"desktop":{"background-color":"var(--ast-global-color-4)","background-image":"","background-repeat":"repeat","background-position":"center center","background-size":"auto","background-attachment":"scroll","background-type":"","background-media":"","overlay-type":"","overlay-color":"","overlay-opacity":"","overlay-gradient":""},"tablet":{"background-color":"var(--ast-global-color-4)","background-image":"","background-repeat":"repeat","background-position":"center center","background-size":"auto","background-attachment":"scroll","background-type":"","background-media":"","overlay-type":"","overlay-color":"","overlay-opacity":"","overlay-gradient":""},"mobile":{"background-color":"var(--ast-global-color-4)","background-image":"","background-repeat":"repeat","background-position":"center center","background-size":"auto","background-attachment":"scroll","background-type":"","background-media":"","overlay-type":"","overlay-color":"","overlay-opacity":"","overlay-gradient":""}},"footnotes":""},"class_list":["post-925","page","type-page","status-publish","hentry"],"_links":{"self":[{"href":"https:\/\/arthurvillain.com\/index.php?rest_route=\/wp\/v2\/pages\/925","targetHints":{"allow":["GET"]}}],"collection":[{"href":"https:\/\/arthurvillain.com\/index.php?rest_route=\/wp\/v2\/pages"}],"about":[{"href":"https:\/\/arthurvillain.com\/index.php?rest_route=\/wp\/v2\/types\/page"}],"author":[{"embeddable":true,"href":"https:\/\/arthurvillain.com\/index.php?rest_route=\/wp\/v2\/users\/1"}],"replies":[{"embeddable":true,"href":"https:\/\/arthurvillain.com\/index.php?rest_route=%2Fwp%2Fv2%2Fcomments&post=925"}],"version-history":[{"count":7,"href":"https:\/\/arthurvillain.com\/index.php?rest_route=\/wp\/v2\/pages\/925\/revisions"}],"predecessor-version":[{"id":934,"href":"https:\/\/arthurvillain.com\/index.php?rest_route=\/wp\/v2\/pages\/925\/revisions\/934"}],"wp:attachment":[{"href":"https:\/\/arthurvillain.com\/index.php?rest_route=%2Fwp%2Fv2%2Fmedia&parent=925"}],"curies":[{"name":"wp","href":"https:\/\/api.w.org\/{rel}","templated":true}]}}